{"id":1937,"date":"2023-11-18T21:14:49","date_gmt":"2023-11-18T21:14:49","guid":{"rendered":"https:\/\/beomaster.net\/?page_id=1937"},"modified":"2024-04-12T11:03:27","modified_gmt":"2024-04-12T11:03:27","slug":"cenovnik","status":"publish","type":"page","link":"https:\/\/beomaster.net\/index.php\/dokumenti\/cenovnik\/","title":{"rendered":"CENOVNIK"},"content":{"rendered":"\n<figure class=\"wp-block-table\"><table><tbody><tr><td class=\"has-text-align-left\" data-align=\"left\" colspan=\"3\"><strong>KUPOPRODAJA<\/strong><br><br>Provizija se\u00a0obra\u010dunava\u00a0i\u00a0napla\u0107uje u skladu\u00a0sa\u00a0ugovorenim\u00a0procentualnim\u00a0iznosom u ugovoru o posredovanju\u00a0sa\u00a0nalogodavcem, od ugovorene\u00a0kupoprodajne\u00a0cene\u00a0nepokretnosti\u00a0ira\u017eene u EUR.\u00a0Provizija se napla\u0107uje u dinarskoj\u00a0protivvrednosti po srednjem\u00a0kursu NBS na dan pla\u0107anja\u00a0<\/td><\/tr><tr><td class=\"has-text-align-left\" data-align=\"left\" colspan=\"2\">Najvi\u0161a&nbsp;ukupna&nbsp;provizija<\/td><td>6%<\/td><\/tr><tr><td class=\"has-text-align-left\" data-align=\"left\" colspan=\"2\">Najni\u017ea&nbsp;ukupna&nbsp;provizija<\/td><td>2%<\/td><\/tr><tr><td class=\"has-text-align-left\" data-align=\"left\" colspan=\"2\"><strong>PRODAJA<\/strong><\/td><td>&nbsp;<\/td><\/tr><tr><td class=\"has-text-align-left\" data-align=\"left\" colspan=\"2\">Provizija za posredovanje&nbsp;prilikom&nbsp;prodaje&nbsp;nekretnine(napla\u0107uje se od prodavca)<\/td><td>1 %, 1,5% ili 2% A ne manje od 800 EUR u dinrskoj\u00a0protivvrednosti po srednjem\u00a0kursu NBS na dan pla\u0107anja<\/td><\/tr><tr><td class=\"has-text-align-left\" data-align=\"left\" colspan=\"2\"><strong>KUPOVINA<\/strong><\/td><td>&nbsp;<\/td><\/tr><tr><td class=\"has-text-align-left\" data-align=\"left\" colspan=\"2\">Provizija za posredovanje&nbsp;prilikom&nbsp;kupovine&nbsp;nekretnine(napla\u0107uje se od kupca)&nbsp;<\/td><td>1 %, 1,5% ili  2% A ne manje od 800 EUR u dinarskoj\u00a0protivvrednosti po srednjem\u00a0kursu NBS na dan pla\u0107anja<\/td><\/tr><tr><td class=\"has-text-align-left\" data-align=\"left\" colspan=\"3\"><strong>ZAMENA<\/strong><\/td><\/tr><tr><td class=\"has-text-align-left\" data-align=\"left\" colspan=\"2\">Prilikom&nbsp;zamene&nbsp;nekretnine&nbsp;provizija se napla\u0107uje&nbsp;od&nbsp;svake&nbsp;strane u zameni, a procenat se ra\u010duna&nbsp;na&nbsp;nepokretnost&nbsp;ve\u0107e&nbsp;vrednosti.<\/td><td>3% u dinarskoj\u00a0protivvrednosti po srednjem\u00a0kursu NBS na dan pla\u0107anja<\/td><\/tr><tr><td class=\"has-text-align-left\" data-align=\"left\" colspan=\"3\"><strong>ZAKUP<\/strong><br><br>Provizija se\u00a0obra\u010dunava\u00a0i\u00a0napla\u0107uje u skladu\u00a0sa\u00a0ugovorenim\u00a0procentualnim\u00a0iznosom u ugovoru o posredovanju\u00a0sa\u00a0nalogodavcem, od ugovorene\u00a0mese\u010dne\u00a0cene\u00a0zakupa\u00a0nepokretnosti\u00a0ira\u017eene u EUR. Provizija se\u00a0napla\u0107uje se u dinarskoj\u00a0protivvrednosti po srednjem\u00a0kursu NBS na dan pla\u0107anjaIzlazak\u00a0na\u00a0teren po zahtevu\u00a0potencijalnog\u00a0nalogodavca\u00a0radi\u00a0procene\u00a0i\u00a0stru\u010dnog\u00a0saveta u vezi\u00a0predmetne\u00a0 nepokretnosti, uvid u dokumentaciju,\u00a0 &#8211; napla\u0107uje se po JEDNOM izlasku, u zavisnosti\u00a0od\u00a0vremena\u00a0provedenog\u00a0na\u00a0terenu:\u00a050 EUR -do 3 sata 100 EUR &#8211; 3 do 5 satiUkoliko se posredni\u010dki\u00a0posao\u00a0realizuje\u00a0ovi\u00a0tro\u0161kovi\u00a0ulaze u cenu\u00a0posredni\u010dke\u00a0provizije.<\/td><\/tr><tr><td class=\"has-text-align-left\" data-align=\"left\" colspan=\"3\">Provizija od zakupodavca<\/td><\/tr><tr><td class=\"has-text-align-left\" data-align=\"left\" colspan=\"3\">Provizija od mese\u010dne&nbsp;zakupnine<\/td><\/tr><tr><td class=\"has-text-align-left\" data-align=\"left\">150 EUR&nbsp;<\/td><td colspan=\"2\">Minimalna&nbsp;provizija<\/td><\/tr><tr><td class=\"has-text-align-left\" data-align=\"left\">50%<\/td><td colspan=\"2\">Od jedne&nbsp;mese\u010dne&nbsp;zakupnine<\/td><\/tr><tr><td class=\"has-text-align-left\" data-align=\"left\" colspan=\"3\">Provizija od zakupca<\/td><\/tr><tr><td class=\"has-text-align-left\" data-align=\"left\">150 EUR<\/td><td colspan=\"2\">Minimalna&nbsp;provizija<\/td><\/tr><tr><td class=\"has-text-align-left\" data-align=\"left\">50%<\/td><td colspan=\"2\">Od jedne&nbsp;mese\u010dne&nbsp;zakupnine<\/td><\/tr><\/tbody><\/table><figcaption class=\"wp-element-caption\">Sve\u00a0napred\u00a0pomenute\u00a0cene\u00a0usluga\u00a0su bez obra\u010dunatog PDV-a.<\/figcaption><\/figure>\n\n\n\n<p class=\"has-text-align-left\">03.01.2024 <strong>BEOMASTER NEKRETNINE D.O.O<\/strong><\/p>\n\n\n\n<p><\/p>\n","protected":false},"excerpt":{"rendered":"<p>KUPOPRODAJA Provizija se\u00a0obra\u010dunava\u00a0i\u00a0napla\u0107uje u skladu\u00a0sa\u00a0ugovorenim\u00a0procentualnim\u00a0iznosom u ugovoru o posredovanju\u00a0sa\u00a0nalogodavcem, od ugovorene\u00a0kupoprodajne\u00a0cene\u00a0nepokretnosti\u00a0ira\u017eene u EUR.\u00a0Provizija se napla\u0107uje u dinarskoj\u00a0protivvrednosti po srednjem\u00a0kursu NBS na dan pla\u0107anja\u00a0 Najvi\u0161a&nbsp;ukupna&nbsp;provizija 6% Najni\u017ea&nbsp;ukupna&nbsp;provizija 2% PRODAJA &nbsp; Provizija za posredovanje&nbsp;prilikom&nbsp;prodaje&nbsp;nekretnine(napla\u0107uje se od prodavca) 1 %, 1,5% ili 2% A ne manje od 800 EUR u dinrskoj\u00a0protivvrednosti po srednjem\u00a0kursu [&hellip;]<\/p>\n","protected":false},"author":1,"featured_media":1955,"parent":28,"menu_order":0,"comment_status":"closed","ping_status":"closed","template":"page-templates\/template-fullwidth.php","meta":{"footnotes":""},"_links":{"self":[{"href":"https:\/\/beomaster.net\/index.php\/wp-json\/wp\/v2\/pages\/1937"}],"collection":[{"href":"https:\/\/beomaster.net\/index.php\/wp-json\/wp\/v2\/pages"}],"about":[{"href":"https:\/\/beomaster.net\/index.php\/wp-json\/wp\/v2\/types\/page"}],"author":[{"embeddable":true,"href":"https:\/\/beomaster.net\/index.php\/wp-json\/wp\/v2\/users\/1"}],"replies":[{"embeddable":true,"href":"https:\/\/beomaster.net\/index.php\/wp-json\/wp\/v2\/comments?post=1937"}],"version-history":[{"count":5,"href":"https:\/\/beomaster.net\/index.php\/wp-json\/wp\/v2\/pages\/1937\/revisions"}],"predecessor-version":[{"id":2106,"href":"https:\/\/beomaster.net\/index.php\/wp-json\/wp\/v2\/pages\/1937\/revisions\/2106"}],"up":[{"embeddable":true,"href":"https:\/\/beomaster.net\/index.php\/wp-json\/wp\/v2\/pages\/28"}],"wp:featuredmedia":[{"embeddable":true,"href":"https:\/\/beomaster.net\/index.php\/wp-json\/wp\/v2\/media\/1955"}],"wp:attachment":[{"href":"https:\/\/beomaster.net\/index.php\/wp-json\/wp\/v2\/media?parent=1937"}],"curies":[{"name":"wp","href":"https:\/\/api.w.org\/{rel}","templated":true}]}}