{"id":2017,"date":"2023-11-20T10:49:59","date_gmt":"2023-11-20T10:49:59","guid":{"rendered":"https:\/\/beomaster.net\/?post_type=product&#038;p=2017"},"modified":"2023-11-20T10:55:24","modified_gmt":"2023-11-20T10:55:24","slug":"2017","status":"publish","type":"product","link":"https:\/\/beomaster.net\/index.php\/product\/2017\/","title":{"rendered":"Uknji\u017eena ku\u0107a 223m2 i plac 9,44 ari"},"content":{"rendered":"","protected":false},"excerpt":{"rendered":"<p>Beomaster nekretnine Vam nudi za prodaju porodi\u010dnu stambenu zgradu sa parcelom koja se nalazi u naselju Kovanluk u gradu Kraljevu. Ku\u0107a je uknji\u017eena na 223m2 gra\u0111evinske povr\u0161ine, a parcela je povr\u0161ine 944m2. Ku\u0107a se sastoji od prizemlja i sprata, a raspored prostorija mo\u017eete pogledati na skicama u fotografijama oglasa. Prizemlje i sprat ku\u0107e su zasebne stambene jedinice, ulaz na sprat je stepenicama sa bo\u010dne strane objekta.<\/p>\n<p>Ku\u0107a je komforna i odli\u010dna za porodi\u010dno stanovanje, a parcela je pogodna za izgradnju potrebnih pomo\u0107nih objekata ili preure\u0111enje u vo\u0107njak ili vrt za u\u017eivanje. Ku\u0107a je useljiva, poseduje struju, vodu i septi\u010dku jamu.<\/p>\n<p>Za vi\u0161e informacija i zakazivanje razgledanja ku\u0107e nas kontaktirajte.<\/p>\n<p>Agencijska provizija koju pla\u0107a kupac je 2% od ugovorene kupoprodajne cene.<\/p>\n","protected":false},"featured_media":2019,"template":"","meta":[],"product_cat":[19,17],"product_tag":[],"_links":{"self":[{"href":"https:\/\/beomaster.net\/index.php\/wp-json\/wp\/v2\/product\/2017"}],"collection":[{"href":"https:\/\/beomaster.net\/index.php\/wp-json\/wp\/v2\/product"}],"about":[{"href":"https:\/\/beomaster.net\/index.php\/wp-json\/wp\/v2\/types\/product"}],"wp:featuredmedia":[{"embeddable":true,"href":"https:\/\/beomaster.net\/index.php\/wp-json\/wp\/v2\/media\/2019"}],"wp:attachment":[{"href":"https:\/\/beomaster.net\/index.php\/wp-json\/wp\/v2\/media?parent=2017"}],"wp:term":[{"taxonomy":"product_cat","embeddable":true,"href":"https:\/\/beomaster.net\/index.php\/wp-json\/wp\/v2\/product_cat?post=2017"},{"taxonomy":"product_tag","embeddable":true,"href":"https:\/\/beomaster.net\/index.php\/wp-json\/wp\/v2\/product_tag?post=2017"}],"curies":[{"name":"wp","href":"https:\/\/api.w.org\/{rel}","templated":true}]}}