{"id":2041,"date":"2024-02-26T10:38:26","date_gmt":"2024-02-26T10:38:26","guid":{"rendered":"https:\/\/beomaster.net\/?post_type=product&#038;p=2041"},"modified":"2024-02-26T10:38:26","modified_gmt":"2024-02-26T10:38:26","slug":"stan-sa-parking-mestom","status":"publish","type":"product","link":"https:\/\/beomaster.net\/index.php\/product\/stan-sa-parking-mestom\/","title":{"rendered":"Stan sa parking mestom"},"content":{"rendered":"","protected":false},"excerpt":{"rendered":"<p>Beomaster nekretnine Vam nudi za zakup stan od 43m2 po strukturi 1.5 u ulici Beogradska, na vpr zgrade, sa kori\u0161\u0107enjem obele\u017eenog parking mesta u dvori\u0161tu zgrade. Prostorije: antre, dnevni boravak sa kuhinjom i trpezarijom, kupatilo, spava\u0107a soba, ostava.<\/p>\n<p>Stan je orijentisan suprotno od ulice i nema buke od saobra\u0107aja sa okolnih ulica. Grejanje je centralno, a zbog kvaliteta zgrade izuzetno je toplo u stanu. Stan je kompletno opremljen name\u0161tajem i tehnikom za \u017eivot u njemu. Na parking se ulazi kroz kapiju koja ima daljinski otvara\u010d.<\/p>\n<p>Dodatni mese\u010dni tro\u0161kovi: infostan, struja po potro\u0161nji, internet i kablovska tv. <\/p>\n<p>Depozit u visini jedne mese\u010dne zakupnine. Period zakupa najvi\u0161e do 12 meseci.<\/p>\n<p>Agencijska provizija za zakupca iznosi 50% od cene jedne mese\u010dne zakupnine.<\/p>\n","protected":false},"featured_media":2049,"template":"","meta":[],"product_cat":[19,15],"product_tag":[],"_links":{"self":[{"href":"https:\/\/beomaster.net\/index.php\/wp-json\/wp\/v2\/product\/2041"}],"collection":[{"href":"https:\/\/beomaster.net\/index.php\/wp-json\/wp\/v2\/product"}],"about":[{"href":"https:\/\/beomaster.net\/index.php\/wp-json\/wp\/v2\/types\/product"}],"wp:featuredmedia":[{"embeddable":true,"href":"https:\/\/beomaster.net\/index.php\/wp-json\/wp\/v2\/media\/2049"}],"wp:attachment":[{"href":"https:\/\/beomaster.net\/index.php\/wp-json\/wp\/v2\/media?parent=2041"}],"wp:term":[{"taxonomy":"product_cat","embeddable":true,"href":"https:\/\/beomaster.net\/index.php\/wp-json\/wp\/v2\/product_cat?post=2041"},{"taxonomy":"product_tag","embeddable":true,"href":"https:\/\/beomaster.net\/index.php\/wp-json\/wp\/v2\/product_tag?post=2041"}],"curies":[{"name":"wp","href":"https:\/\/api.w.org\/{rel}","templated":true}]}}