{"id":2098,"date":"2024-03-19T14:05:40","date_gmt":"2024-03-19T14:05:40","guid":{"rendered":"https:\/\/beomaster.net\/?post_type=product&#038;p=2098"},"modified":"2024-03-19T14:05:40","modified_gmt":"2024-03-19T14:05:40","slug":"plac-sa-kucom-savrsena-investicija","status":"publish","type":"product","link":"https:\/\/beomaster.net\/index.php\/product\/plac-sa-kucom-savrsena-investicija\/","title":{"rendered":"Plac sa ku\u0107om! Savr\u0161ena investicija"},"content":{"rendered":"","protected":false},"excerpt":{"rendered":"<p>U mestu Popovi\u0107 na samo 35min. od Beograda, agencija Beomaster Vam nudi plac od 12.5 ari sa troeta\u017enom ku\u0107om. Plac je uz sam asfaltni put i uknji\u017een je. Ku\u0107a poseduje gradjevinsku dozvolu, projekat i ostalu prate\u0107u dokumentaciju. Prvi nivo ku\u0107e se sastoji od pomo\u0107ne prostorije, gara\u017ee i podruma, drugi od velike dnevne sobe sa terasom i kupatilom a na tre\u0107em su dve spava\u0107e sobe sa izlaskom na terasu. Ku\u0107a zahteva dodatna ulaganja, delimi\u010dno je uradjena , parket jasen je u obe spava\u0107e sobe i dnevnoj sobi sobi. Stolarija je velux. Na placu je zasadjena tre\u0161nja, \u0161ljiva, drvo oraha, breza, bor,<br \/>\nSavr\u0161ena investicija!<\/p>\n<p> Na\u0161a topla preporuka svim zainteresovanim klijentima.<\/p>\n","protected":false},"featured_media":2100,"template":"","meta":[],"product_cat":[19,17],"product_tag":[],"_links":{"self":[{"href":"https:\/\/beomaster.net\/index.php\/wp-json\/wp\/v2\/product\/2098"}],"collection":[{"href":"https:\/\/beomaster.net\/index.php\/wp-json\/wp\/v2\/product"}],"about":[{"href":"https:\/\/beomaster.net\/index.php\/wp-json\/wp\/v2\/types\/product"}],"wp:featuredmedia":[{"embeddable":true,"href":"https:\/\/beomaster.net\/index.php\/wp-json\/wp\/v2\/media\/2100"}],"wp:attachment":[{"href":"https:\/\/beomaster.net\/index.php\/wp-json\/wp\/v2\/media?parent=2098"}],"wp:term":[{"taxonomy":"product_cat","embeddable":true,"href":"https:\/\/beomaster.net\/index.php\/wp-json\/wp\/v2\/product_cat?post=2098"},{"taxonomy":"product_tag","embeddable":true,"href":"https:\/\/beomaster.net\/index.php\/wp-json\/wp\/v2\/product_tag?post=2098"}],"curies":[{"name":"wp","href":"https:\/\/api.w.org\/{rel}","templated":true}]}}