{"id":2118,"date":"2024-09-09T17:48:09","date_gmt":"2024-09-09T17:48:09","guid":{"rendered":"https:\/\/beomaster.net\/?post_type=product&#038;p=2118"},"modified":"2024-09-09T18:01:21","modified_gmt":"2024-09-09T18:01:21","slug":"predivan-15-svetao","status":"publish","type":"product","link":"https:\/\/beomaster.net\/index.php\/product\/predivan-15-svetao\/","title":{"rendered":"Predivan 1,5, svetao, Go\u010dka"},"content":{"rendered":"","protected":false},"excerpt":{"rendered":"<p>U mirnom delu Rakovice , u ulici okru\u017eenoj zelenilom, ta\u010dnije Go\u010dkoj ulici, agencija Beomaster nekretnine prodaje 1.5 stan na V spratu od VI. Stan ima 35,81m2 i vrlo je svetao i prostran. Sastoji se od dnevne sobe sa terasom i kuhinjom, odvojenom spava\u0107om sobom i kupatilom. Vrlo je o\u010duvan, tako da sem higijenskog kre\u010denja ne zahteva dodatna ulaganja. Ugradni kuhinjski elementi sa aparatima i fri\u017eiderom bi ostali u stanu kao i ugradni plakari i klima uredjaj. Zgrada je novije gradnje , o\u010duvana, ima lift, interfon ,video nadzor i parking ispred zgrade. Grejanje je strujni kotao. Lokacija je veoma dobra jer je u mirnom delu a opet nadomak svega \u0161to bih Vam moglo zatrebati. Zgrada je uknji\u017eena,stanovi se tek upisuju.<br \/>\nAgencijska provizija koju pla\u0107a kupac je 2% od ugovorene kupoprodajne cene.<\/p>\n<p>Sve informacije mo\u017eete dobiti na kontakt telefon 063\/ 10 79 691 <\/p>\n<p>Va\u0161 Beomaster <\/p>\n","protected":false},"featured_media":2120,"template":"","meta":[],"product_cat":[19,17],"product_tag":[],"_links":{"self":[{"href":"https:\/\/beomaster.net\/index.php\/wp-json\/wp\/v2\/product\/2118"}],"collection":[{"href":"https:\/\/beomaster.net\/index.php\/wp-json\/wp\/v2\/product"}],"about":[{"href":"https:\/\/beomaster.net\/index.php\/wp-json\/wp\/v2\/types\/product"}],"wp:featuredmedia":[{"embeddable":true,"href":"https:\/\/beomaster.net\/index.php\/wp-json\/wp\/v2\/media\/2120"}],"wp:attachment":[{"href":"https:\/\/beomaster.net\/index.php\/wp-json\/wp\/v2\/media?parent=2118"}],"wp:term":[{"taxonomy":"product_cat","embeddable":true,"href":"https:\/\/beomaster.net\/index.php\/wp-json\/wp\/v2\/product_cat?post=2118"},{"taxonomy":"product_tag","embeddable":true,"href":"https:\/\/beomaster.net\/index.php\/wp-json\/wp\/v2\/product_tag?post=2118"}],"curies":[{"name":"wp","href":"https:\/\/api.w.org\/{rel}","templated":true}]}}