{"id":2159,"date":"2024-10-08T11:03:39","date_gmt":"2024-10-08T11:03:39","guid":{"rendered":"https:\/\/beomaster.net\/?post_type=product&#038;p=2159"},"modified":"2024-10-08T11:03:39","modified_gmt":"2024-10-08T11:03:39","slug":"sjajan-stan-za-izdavanje","status":"publish","type":"product","link":"https:\/\/beomaster.net\/index.php\/product\/sjajan-stan-za-izdavanje\/","title":{"rendered":"Sjajan stan za izdavanje!"},"content":{"rendered":"","protected":false},"excerpt":{"rendered":"<p>U Bloku 64 u ulici Jurija Gagarina, agencija Beomaster izdaje stan od 64m2 na IV spratu zgrade sa liftom.<br \/>\nStan je u novogradnji iz 2009god. po strukturi 2.0. sa odvojenom spava\u0107om sobom, dnevnom sobom sa kuhinjsko trpezarijskim delom koje imaju izlaz na lodju koja je nekih 5m2 i kupatilom.<\/p>\n<p> Na sjajnoj je lokaciji!<\/p>\n<p>Stan je kompletno opremljen i useljiv je od 20.10. Idealan je za one kojima treba du\u017ei najam !<\/p>\n<p>Visina depozita je u visini mese\u010dne zakupnine. Ku\u0107ni ljubimci nisu dozvoljeni . Renta stana je na mese\u010dnom nivou.<\/p>\n<p>Agencijska provizija koju pla\u0107a kupac je 50% od prve mese\u010dne zakupnine.<\/p>\n<p>Za vi\u0161e informacija pozovite 063 10 79 691<\/p>\n<p>Va\u0161 Beomaster !<\/p>\n","protected":false},"featured_media":2164,"template":"","meta":[],"product_cat":[19,15],"product_tag":[],"_links":{"self":[{"href":"https:\/\/beomaster.net\/index.php\/wp-json\/wp\/v2\/product\/2159"}],"collection":[{"href":"https:\/\/beomaster.net\/index.php\/wp-json\/wp\/v2\/product"}],"about":[{"href":"https:\/\/beomaster.net\/index.php\/wp-json\/wp\/v2\/types\/product"}],"wp:featuredmedia":[{"embeddable":true,"href":"https:\/\/beomaster.net\/index.php\/wp-json\/wp\/v2\/media\/2164"}],"wp:attachment":[{"href":"https:\/\/beomaster.net\/index.php\/wp-json\/wp\/v2\/media?parent=2159"}],"wp:term":[{"taxonomy":"product_cat","embeddable":true,"href":"https:\/\/beomaster.net\/index.php\/wp-json\/wp\/v2\/product_cat?post=2159"},{"taxonomy":"product_tag","embeddable":true,"href":"https:\/\/beomaster.net\/index.php\/wp-json\/wp\/v2\/product_tag?post=2159"}],"curies":[{"name":"wp","href":"https:\/\/api.w.org\/{rel}","templated":true}]}}