{"id":2169,"date":"2024-10-08T11:20:52","date_gmt":"2024-10-08T11:20:52","guid":{"rendered":"https:\/\/beomaster.net\/?post_type=product&#038;p=2169"},"modified":"2024-10-08T11:20:52","modified_gmt":"2024-10-08T11:20:52","slug":"sjajan-dupleks-za-iznajmljivanje","status":"publish","type":"product","link":"https:\/\/beomaster.net\/index.php\/product\/sjajan-dupleks-za-iznajmljivanje\/","title":{"rendered":"Sjajan dupleks za iznajmljivanje!"},"content":{"rendered":"","protected":false},"excerpt":{"rendered":"<p>Beomaster nekretnine vam nudi za zakup stan dupleks u ulici Vidikova\u010dki venac. Na prvom nivou je dnevni boravak sa kuhinjom i trpezarijom, i kupatilo. Na drugom nivou je spava\u0107a soba i terasa.<\/p>\n<p> Stan se nalazi u mirnom kraju, u blizini vidikova\u010dke pijace, marketa i autobuskih stajali\u0161ta. Grejanje je na struju. Stan je uknji\u017een na 15m2, a izmereno ima oko 37m2 korisne povr\u0161ine.<\/p>\n<p>Dozvoljeni su manji ku\u0107ni ljubimci.<\/p>\n<p>Pla\u0107anje zakupa je mese\u010dno, ili po dogovoru. Depozit u visini jedne mese\u010dne zakupnine.<\/p>\n<p>Agencijska provizija koju placa zakupac je u iznosu 50% od jedne mese\u010dne zakupnine.<\/p>\n<p>Kontakt telefon posrednika: 0607529187<\/p>\n","protected":false},"featured_media":2179,"template":"","meta":[],"product_cat":[19,15],"product_tag":[],"_links":{"self":[{"href":"https:\/\/beomaster.net\/index.php\/wp-json\/wp\/v2\/product\/2169"}],"collection":[{"href":"https:\/\/beomaster.net\/index.php\/wp-json\/wp\/v2\/product"}],"about":[{"href":"https:\/\/beomaster.net\/index.php\/wp-json\/wp\/v2\/types\/product"}],"wp:featuredmedia":[{"embeddable":true,"href":"https:\/\/beomaster.net\/index.php\/wp-json\/wp\/v2\/media\/2179"}],"wp:attachment":[{"href":"https:\/\/beomaster.net\/index.php\/wp-json\/wp\/v2\/media?parent=2169"}],"wp:term":[{"taxonomy":"product_cat","embeddable":true,"href":"https:\/\/beomaster.net\/index.php\/wp-json\/wp\/v2\/product_cat?post=2169"},{"taxonomy":"product_tag","embeddable":true,"href":"https:\/\/beomaster.net\/index.php\/wp-json\/wp\/v2\/product_tag?post=2169"}],"curies":[{"name":"wp","href":"https:\/\/api.w.org\/{rel}","templated":true}]}}